{"id":2745,"date":"2019-09-05T08:43:56","date_gmt":"2019-09-05T08:43:56","guid":{"rendered":"http:\/\/br570.teste.website\/~music279\/quienes-somos\/"},"modified":"2025-03-09T20:13:16","modified_gmt":"2025-03-09T20:13:16","slug":"quienes-somos","status":"publish","type":"page","link":"https:\/\/musicaenegocios.com\/es\/quienes-somos\/","title":{"rendered":"Quien somos"},"content":{"rendered":"<h1>Qui\u00e9nes Somos<\/h1>\n<div>\u00a1La m\u00fasica es nuestra causa! Profesionalice el trabajo de mercado y de crianza: \u00a1nuestra misi\u00f3n!<\/div>\n<h1>M\u00fasica y Negocios<\/h1>\n<div>\n<p>Despu\u00e9s de a\u00f1os de experiencia en el auditorio y el estudio, es hora de llevar este contenido a todo Brasil. Elegido en 2019 El mejor programa de educaci\u00f3n para negocios musicales en Brasil en el Music Professionals Award (PPM), el programa \u00abM\u00fasica y negocios: emprendimiento e innovaci\u00f3n\u00bb gana la versi\u00f3n digital.<\/p>\n<\/div>\n<p><img decoding=\"async\" src=\"\/wp-content\/uploads\/2025\/01\/sobre-00.jpg\" alt=\"\"><br \/>\n<img decoding=\"async\" src=\"\/wp-content\/uploads\/2025\/01\/sobre-01.jpg\" alt=\"\"><\/p>\n<div>\n<p>Music &#038; Business ahora tiene una versi\u00f3n EAD y se acompa\u00f1a de varios otros cursos.<\/p>\n<p>La duraci\u00f3n es de ocho semanas. Las clases se ense\u00f1ar\u00e1n a trav\u00e9s de videos, podcasts, ejercicios y estudios de casos en l\u00ednea, seminaristas web con oradores, foros virtuales entre estudiantes y conexi\u00f3n con investigadores y jugadores de la industria de la m\u00fasica.<\/p>\n<\/div>\n<h1>Objetivo del programa<\/h1>\n<div>El programa de emprendimiento ofrece una descripci\u00f3n general completa de la industria de la m\u00fasica, incluida su historia, innovaciones y tendencias. Proporciona conocimientos, an\u00e1lisis cr\u00edtico y herramientas para la gesti\u00f3n de carreras art\u00edsticas y negocios musicales. El equipo apoya a quienes buscan un posicionamiento en el mercado, quieren desarrollar su carrera como artista o crear una startup en el sector de la m\u00fasica y la tecnolog\u00eda.<\/div>\n<h1>\u00bfPor qu\u00e9 trabajar en la industria musical?<\/h1>\n<div>La m\u00fasica tiene un enorme impacto social, simb\u00f3lico y econ\u00f3mico en Brasil, que es uno de los mayores mercados musicales del mundo. En 2019, la ECAD distribuy\u00f3 casi R$ 1.000 millones en regal\u00edas. El consumo digital y las nuevas plataformas siguen generando oportunidades, con alrededor de 6 millones de personas trabajando en el sector de m\u00fasica y eventos en Brasil.<\/div>\n<h2>Nuestro equipo<\/h2>\n<ul>\n<li>\n<h3>Direcci\u00f3n Ejecutiva:<\/h3>\n<div>Leo Feij\u00f3<\/div>\n<\/li>\n<li>\n<h3>Supervisi\u00f3n:<\/h3>\n<div>\n<p>Lara Frigotto, Coordinadora de Cultura Emprendedora<\/p>\n<\/div>\n<\/li>\n<li>\n<h3>Coordinaci\u00f3n Ejecutiva:<\/h3>\n<div>\n<p>Alice Corr\u00eaa<br \/>Rafaela Pavin<\/p>\n<\/div>\n<\/li>\n<li>\n<h3>Coordinaci\u00f3n Am\u00e9rica Latina:<\/h3>\n<div>\n<p>Anva Gil<\/p>\n<\/div>\n<\/li>\n<li>\n<h3>Coordinaci\u00f3n de comunicaci\u00f3n:<\/h3>\n<div>\n<p>Alice Corr\u00eaa<\/p>\n<\/div>\n<\/li>\n<li>\n<h3>Podcasts:<\/h3>\n<div>\n<p>Fl\u00e1via Souza Lima<\/p>\n<\/div>\n<\/li>\n<li>\n<h3>Edici\u00f3n y vi\u00f1etas:<\/h3>\n<div>\n<p>Paulo China<\/p>\n<\/div>\n<\/li>\n<\/ul>\n<p><img decoding=\"async\" src=\"\/wp-content\/uploads\/2025\/01\/sobre-3.png\" alt=\"\"><\/p>\n<h2>Testimonios de estudiantes<\/h2>\n<div>\n<p>M\u00e1s de 6.000 profesionales ya han sido certificados por Escola M\u00fasica &#038; Neg\u00f3cios en todos nuestros cursos.<\/p>\n<\/div>\n<ul>\n<li>\n<p><img decoding=\"async\" src=\"\/wp-content\/uploads\/2025\/02\/Juliana-Maia-foto1.jpeg\" alt=\"\"><\/p>\n<h3>Juliana Maia<\/h3>\n<p>Cantante y emprendedor musical<\/p>\n<div>\n<p>\u00abEl curso de M\u00fasica y Negocios cambi\u00f3 mi carrera y mi vida. Comenc\u00e9 a comprender c\u00f3mo la cultura creativa es de suma importancia para el crecimiento social, cultural y econ\u00f3mico.\u00bb<\/p>\n<\/div>\n<\/li>\n<li>\n<p><img decoding=\"async\" src=\"\/wp-content\/uploads\/2025\/02\/Captura-de-Tela-2025-02-08-as-16.44.08.png\" alt=\"\"><\/p>\n<h3>Anderson Primo<\/h3>\n<p>Cantante, compositor y actor<\/p>\n<div>\n<p>\u00abExperimentas los procesos del mercado de la m\u00fasica y entiendes c\u00f3mo funcionan las cosas en este entorno&#8230;\u00bb<\/p>\n<\/div>\n<\/li>\n<li>\n<p><img decoding=\"async\" src=\"\/wp-content\/uploads\/2025\/02\/Captura-de-Tela-2025-02-08-as-16.46.37.png\" alt=\"\"><\/p>\n<h3>Fl\u00e1via Souza Lima<\/h3>\n<p>Periodista y Productora Cultural<\/p>\n<div>\n<p>\u00abEl curso ofrece la posibilidad de ampliar tu red, as\u00ed como la oportunidad de pensar o repensar tu propia carrera.\u201c<\/p>\n<\/div>\n<\/li>\n<li>\n<p><img decoding=\"async\" src=\"\/wp-content\/uploads\/2025\/02\/Captura-de-Tela-2025-02-08-as-16.31.28.png\" alt=\"\"><\/p>\n<h3>NYL MC<\/h3>\n<p>Cantante de rap<\/p>\n<div>\n<p>\u00abEs muy importante contar con gente negra de las periferias de la industria musical&#8230; No s\u00f3lo en el escenario sino en muchos otros \u00e1mbitos&#8230;\u201c<\/p>\n<\/div>\n<\/li>\n<\/ul>\n<h1>Profesores<\/h1>\n<div>\n<\/div>\n<div><button onclick=\"showHtmlDiv()\" class=\"el-content uk-button uk-button-secondary uk-button-large uk-flex-inline uk-flex-center uk-flex-middle\"><span uk-icon=\"users\"><\/span>&nbsp; Ver Todo<\/button><\/div>\n<div>\n<\/div>\n<p><!--more--><br \/>\n<!-- {\"type\":\"layout\",\"children\":[{\"type\":\"section\",\"props\":{\"animation\":\"slide-bottom-medium\",\"animation_delay\":\"100\",\"header_transparent\":true,\"header_transparent_noplaceholder\":false,\"header_transparent_text_color\":\"light\",\"image\":\"wp-content\\\/uploads\\\/2025\\\/01\\\/sobre-1.jpg\",\"image_position\":\"center-center\",\"overlap\":true,\"padding\":\"large\",\"padding_remove_bottom\":false,\"style\":\"secondary\",\"title_breakpoint\":\"xl\",\"title_position\":\"top-left\",\"title_rotation\":\"left\",\"vertical_align\":\"\",\"width\":\"default\"},\"children\":[{\"type\":\"row\",\"children\":[{\"type\":\"column\",\"props\":{\"image_position\":\"center-center\",\"position_sticky_breakpoint\":\"m\"},\"children\":[{\"type\":\"headline\",\"props\":{\"content\":\"Qui\\u00e9nes Somos\",\"margin\":\"remove-vertical\",\"text_align\":\"center\",\"title_element\":\"h1\",\"title_style\":\"heading-small\"}},{\"type\":\"text\",\"props\":{\"block_align\":\"center\",\"column_breakpoint\":\"m\",\"content\":\"\\u00a1La m\\u00fasica es nuestra causa! Profesionalice el trabajo de mercado y de crianza: \\u00a1nuestra misi\\u00f3n!\",\"margin\":\"default\",\"maxwidth\":\"xlarge\",\"text_align\":\"center\",\"text_style\":\"lead\"}}]}],\"props\":{\"margin\":\"large\"}}],\"name\":\"Hero\"},{\"type\":\"section\",\"props\":{\"animation\":\"fade\",\"animation_delay\":\"200\",\"id\":\"sobre\",\"image_position\":\"center-center\",\"padding\":\"large\",\"padding_remove_bottom\":false,\"padding_remove_horizontal\":false,\"style\":\"default\",\"title_breakpoint\":\"xl\",\"title_position\":\"top-left\",\"title_rotation\":\"left\",\"vertical_align\":\"\",\"width\":\"small\"},\"children\":[{\"type\":\"row\",\"props\":{\"column_gap\":\"large\",\"divider\":false,\"layout\":\"1-2,1-2\",\"margin\":\"large\"},\"children\":[{\"type\":\"column\",\"props\":{\"image_position\":\"center-center\",\"position_sticky_breakpoint\":\"m\",\"vertical_align\":\"middle\",\"width_medium\":\"1-2\"},\"children\":[{\"type\":\"headline\",\"props\":{\"block_align\":\"right\",\"block_align_breakpoint\":\"m\",\"block_align_fallback\":\"center\",\"content\":\"M\\u00fasica y Negocios\",\"maxwidth\":\"xlarge\",\"position\":\"relative\",\"position_z_index\":\"1\",\"text_align\":\"right\",\"text_align_breakpoint\":\"m\",\"text_align_fallback\":\"center\",\"title_color\":\"primary\",\"title_element\":\"h1\",\"title_style\":\"h1\"}},{\"type\":\"text\",\"props\":{\"block_align\":\"right\",\"block_align_breakpoint\":\"m\",\"block_align_fallback\":\"center\",\"column_breakpoint\":\"m\",\"content\":\"\n\n<p>Despu\\u00e9s de a\\u00f1os de experiencia en el auditorio y el estudio, es hora de llevar este contenido a todo Brasil. Elegido en 2019 El mejor programa de educaci\\u00f3n para negocios musicales en Brasil en el Music Professionals Award (PPM), el programa \\\"M\\u00fasica y negocios: emprendimiento e innovaci\\u00f3n\\\" gana la versi\\u00f3n digital.<\\\/p>\\n\\n\\n\\n\\n\",\"margin\":\"default\",\"position\":\"relative\",\"position_z_index\":\"1\",\"text_align\":\"right\",\"text_align_breakpoint\":\"m\",\"text_align_fallback\":\"center\",\"text_style\":\"lead\"}}]},{\"type\":\"column\",\"props\":{\"image_position\":\"center-center\",\"position_sticky_breakpoint\":\"m\",\"vertical_align\":\"middle\",\"width_medium\":\"1-2\"},\"children\":[{\"type\":\"image\",\"props\":{\"image\":\"wp-content\\\/uploads\\\/2025\\\/01\\\/sobre-00.jpg\",\"image_border\":\"circle\",\"image_svg_color\":\"emphasis\",\"margin\":\"default\",\"margin_remove_bottom\":true,\"text_align\":\"center\"}}]}]},{\"type\":\"row\",\"props\":{\"column_gap\":\"large\",\"layout\":\"1-2,1-2\"},\"children\":[{\"type\":\"column\",\"props\":{\"image_position\":\"center-center\",\"order_first\":\"m\",\"position_sticky_breakpoint\":\"m\",\"width_medium\":\"1-2\"},\"children\":[{\"type\":\"image\",\"props\":{\"image\":\"wp-content\\\/uploads\\\/2025\\\/01\\\/sobre-01.jpg\",\"image_border\":\"circle\",\"image_svg_color\":\"emphasis\",\"margin\":\"default\",\"margin_remove_bottom\":true,\"text_align\":\"center\"}}]},{\"type\":\"column\",\"props\":{\"image_position\":\"center-center\",\"order_first\":\"xs\",\"position_sticky_breakpoint\":\"m\",\"vertical_align\":\"middle\",\"width_medium\":\"1-2\"},\"children\":[{\"type\":\"text\",\"props\":{\"block_align\":\"center\",\"block_align_breakpoint\":\"m\",\"block_align_fallback\":\"center\",\"column_breakpoint\":\"m\",\"content\":\"\\n\n\n<p>Music & Business ahora tiene una versi\\u00f3n EAD y se acompa\\u00f1a de varios otros cursos.<\\\/p>\\n\n\n<p>La duraci\\u00f3n es de ocho semanas. Las clases se ense\\u00f1ar\\u00e1n a trav\\u00e9s de videos, podcasts, ejercicios y estudios de casos en l\\u00ednea, seminaristas web con oradores, foros virtuales entre estudiantes y conexi\\u00f3n con investigadores y jugadores de la industria de la m\\u00fasica.<\\\/p>\\n\",\"css\":\"\\n\",\"margin\":\"default\",\"position\":\"relative\",\"position_z_index\":\"1\",\"text_align\":\"left\",\"text_align_breakpoint\":\"m\",\"text_align_fallback\":\"center\",\"text_style\":\"lead\"}}]}]}],\"name\":\"sobre\"},{\"type\":\"section\",\"props\":{\"animation\":\"slide-bottom-medium\",\"animation_delay\":\"100\",\"image_position\":\"center-center\",\"padding\":\"large\",\"padding_remove_top\":false,\"style\":\"muted\",\"title_breakpoint\":\"xl\",\"title_position\":\"top-left\",\"title_rotation\":\"left\",\"vertical_align\":\"\",\"width\":\"default\"},\"children\":[{\"type\":\"row\",\"props\":{\"divider\":true,\"layout\":\"1-2,1-2\"},\"children\":[{\"type\":\"column\",\"props\":{\"css\":\".el-element {\\n   width: 350px;\\n}\",\"image_position\":\"center-center\",\"position_sticky_breakpoint\":\"m\",\"width_medium\":\"1-2\"},\"children\":[{\"type\":\"headline\",\"props\":{\"content\":\"Objetivo del programa\",\"text_align\":\"left\",\"title_decoration\":\"bullet\",\"title_element\":\"h1\",\"title_style\":\"h2\"}},{\"type\":\"text\",\"props\":{\"block_align\":\"center\",\"column_breakpoint\":\"m\",\"content\":\"El programa de emprendimiento ofrece una descripci\\u00f3n general completa de la industria de la m\\u00fasica, incluida su historia, innovaciones y tendencias. Proporciona conocimientos, an\\u00e1lisis cr\\u00edtico y herramientas para la gesti\\u00f3n de carreras art\\u00edsticas y negocios musicales. El equipo apoya a quienes buscan un posicionamiento en el mercado, quieren desarrollar su carrera como artista o crear una startup en el sector de la m\\u00fasica y la tecnolog\\u00eda.\",\"margin\":\"default\",\"text_align\":\"left\",\"text_style\":\"lead\"}}]},{\"type\":\"column\",\"props\":{\"css\":\".el-element {\\n   width: 350px;\\n}\",\"image_position\":\"center-center\",\"position_sticky_breakpoint\":\"m\",\"width_medium\":\"1-2\"},\"children\":[{\"type\":\"headline\",\"props\":{\"content\":\"\\u00bfPor qu\\u00e9 trabajar en la industria musical?\",\"text_align\":\"left\",\"title_decoration\":\"bullet\",\"title_element\":\"h1\",\"title_style\":\"h2\"}},{\"type\":\"text\",\"props\":{\"block_align\":\"center\",\"column_breakpoint\":\"m\",\"content\":\"La m\\u00fasica tiene un enorme impacto social, simb\\u00f3lico y econ\\u00f3mico en Brasil, que es uno de los mayores mercados musicales del mundo. En 2019, la ECAD distribuy\\u00f3 casi R$ 1.000 millones en regal\\u00edas. El consumo digital y las nuevas plataformas siguen generando oportunidades, con alrededor de 6 millones de personas trabajando en el sector de m\\u00fasica y eventos en Brasil.\",\"margin\":\"default\",\"text_align\":\"left\",\"text_style\":\"lead\"}}]}]}]},{\"type\":\"section\",\"props\":{\"animation\":\"slide-right-medium\",\"animation_delay\":\"200\",\"id\":\"equipe\",\"image_position\":\"center-center\",\"padding\":\"large\",\"padding_remove_bottom\":true,\"padding_remove_horizontal\":true,\"padding_remove_top\":true,\"style\":\"secondary\",\"title_breakpoint\":\"xl\",\"title_position\":\"top-left\",\"title_rotation\":\"left\",\"vertical_align\":\"\",\"width\":\"default\",\"width_expand\":\"right\"},\"children\":[{\"type\":\"row\",\"children\":[{\"type\":\"column\",\"props\":{\"css\":\".el-column {\\n    padding: 80px 30px 80px 50px;\\n}\",\"image_position\":\"center-center\",\"position_sticky_breakpoint\":\"m\",\"vertical_align\":\"middle\",\"width_medium\":\"2-5\"},\"children\":[{\"type\":\"headline\",\"props\":{\"content\":\"Nuestro equipo\",\"text_align\":\"left\",\"text_align_fallback\":\"center\",\"title_color\":\"background\",\"title_element\":\"h2\",\"title_style\":\"h2\"}},{\"type\":\"description_list\",\"props\":{\"column\":\"1-2\",\"column_breakpoint\":\"m\",\"column_divider\":false,\"layout\":\"stacked\",\"list_element\":\"ul\",\"meta_align\":\"below-content\",\"meta_style\":\"text-meta\",\"show_content\":true,\"show_link\":true,\"show_meta\":true,\"show_title\":true,\"title_element\":\"div\",\"title_grid_column_gap\":\"small\",\"title_grid_row_gap\":\"small\",\"title_grid_width\":\"auto\",\"title_style\":\"h4\"},\"children\":[{\"type\":\"description_list_item\",\"props\":{\"content\":\"Leo Feij\\u00f3\",\"title\":\"Direcci\\u00f3n Ejecutiva:\"}},{\"type\":\"description_list_item\",\"props\":{\"content\":\"\n\n<p>Lara Frigotto, Coordinadora de Cultura Emprendedora<\\\/p>\",\"title\":\"Supervisi\\u00f3n:\"}},{\"type\":\"description_list_item\",\"props\":{\"content\":\"\n\n<p>Alice Corr\\u00eaa<br \\\/>Rafaela Pavin<\\\/p>\",\"title\":\"Coordinaci\\u00f3n Ejecutiva:\"}},{\"type\":\"description_list_item\",\"props\":{\"content\":\"\n\n<p>Anva Gil<\\\/p>\",\"title\":\"Coordinaci\\u00f3n Am\\u00e9rica Latina:\"}},{\"type\":\"description_list_item\",\"props\":{\"content\":\"\n\n<p>Alice Corr\\u00eaa<\\\/p>\",\"title\":\"Coordinaci\\u00f3n de comunicaci\\u00f3n:\"}},{\"type\":\"description_list_item\",\"props\":{\"content\":\"\n\n<p>Fl\\u00e1via Souza Lima<\\\/p>\",\"title\":\"Podcasts:\"}},{\"type\":\"description_list_item\",\"props\":{\"content\":\"\n\n<p>Paulo China<\\\/p>\",\"meta\":\"\",\"title\":\"Edici\\u00f3n y vi\\u00f1etas:\"}}]}]},{\"type\":\"column\",\"props\":{\"image_position\":\"center-center\",\"position_sticky_breakpoint\":\"m\",\"width_medium\":\"3-5\"},\"children\":[{\"type\":\"image\",\"props\":{\"animation\":\"slide-right-medium\",\"image\":\"wp-content\\\/uploads\\\/2025\\\/01\\\/sobre-3.png\",\"image_height\":\"2000\",\"image_svg_color\":\"emphasis\",\"margin\":\"default\"}}]}],\"props\":{\"layout\":\"2-5,3-5\"}}],\"modified\":\"2021-01-06T11:46:05.180Z\",\"name\":\"Nossa Equipe\"},{\"type\":\"section\",\"props\":{\"image_position\":\"center-center\",\"padding\":\"large\",\"padding_remove_bottom\":false,\"style\":\"default\",\"title_breakpoint\":\"xl\",\"title_position\":\"top-left\",\"title_rotation\":\"left\",\"vertical_align\":\"\",\"width\":\"small\"},\"children\":[{\"type\":\"row\",\"children\":[{\"type\":\"column\",\"props\":{\"image_position\":\"center-center\",\"position_sticky_breakpoint\":\"m\"},\"children\":[{\"type\":\"headline\",\"props\":{\"content\":\"Testimonios de estudiantes\",\"margin_remove_bottom\":true,\"text_align\":\"center\",\"title_element\":\"h2\",\"title_style\":\"h1\"}},{\"type\":\"text\",\"props\":{\"block_align\":\"center\",\"column_breakpoint\":\"m\",\"content\":\"\n\n<p>M\\u00e1s de 6.000 profesionales ya han sido certificados por Escola M\\u00fasica & Neg\\u00f3cios en todos nuestros cursos.<\\\/p>\",\"margin\":\"default\",\"margin_remove_top\":true,\"maxwidth\":\"xlarge\",\"text_align\":\"center\",\"text_style\":\"lead\"}},{\"type\":\"panel-slider\",\"props\":{\"animation\":\"fade\",\"content_column_breakpoint\":\"m\",\"content_style\":\"text-lead\",\"icon_width\":80,\"image_align\":\"left\",\"image_grid_breakpoint\":\"s\",\"image_grid_width\":\"1-2\",\"image_svg_color\":\"emphasis\",\"image_vertical_align\":true,\"image_width\":\"610\",\"link_style\":\"default\",\"link_text\":\"Read more\",\"margin\":\"large\",\"meta_align\":\"below-title\",\"meta_element\":\"div\",\"meta_margin\":\"remove\",\"meta_style\":\"\",\"nav\":\"dotnav\",\"nav_align\":\"center\",\"nav_breakpoint\":\"\",\"nav_margin\":\"medium\",\"panel_card_offset\":true,\"panel_expand\":\"image\",\"panel_image_no_padding\":true,\"panel_match\":true,\"panel_padding\":\"default\",\"panel_style\":\"card-default\",\"show_content\":true,\"show_image\":true,\"show_link\":true,\"show_meta\":true,\"show_title\":true,\"slidenav\":\"outside\",\"slidenav_breakpoint\":\"m\",\"slidenav_margin\":\"medium\",\"slidenav_outside_breakpoint\":\"l\",\"slider_autoplay\":false,\"slider_autoplay_interval\":\"5\",\"slider_autoplay_pause\":true,\"slider_gap\":\"large\",\"slider_width\":\"fixed\",\"slider_width_default\":\"1-1\",\"slider_width_medium\":\"\",\"title_align\":\"top\",\"title_element\":\"h3\",\"title_grid_breakpoint\":\"m\",\"title_grid_width\":\"1-2\",\"title_hover_style\":\"reset\"},\"children\":[{\"type\":\"panel-slider_item\",\"props\":{\"content\":\"\n\n<p>\\\"El curso de M\\u00fasica y Negocios cambi\\u00f3 mi carrera y mi vida. Comenc\\u00e9 a comprender c\\u00f3mo la cultura creativa es de suma importancia para el crecimiento social, cultural y econ\\u00f3mico.\\\"<\\\/p>\",\"image\":\"wp-content\\\/uploads\\\/2025\\\/02\\\/Juliana-Maia-foto1.jpeg\",\"meta\":\"Cantante y emprendedor musical\",\"title\":\"Juliana Maia\"}},{\"type\":\"panel-slider_item\",\"props\":{\"content\":\"\n\n<p>\\\"Experimentas los procesos del mercado de la m\\u00fasica y entiendes c\\u00f3mo funcionan las cosas en este entorno...\\\"<\\\/p>\",\"image\":\"wp-content\\\/uploads\\\/2025\\\/02\\\/Captura-de-Tela-2025-02-08-as-16.44.08.png\",\"meta\":\"Cantante, compositor y actor\",\"title\":\"Anderson Primo\"}},{\"type\":\"panel-slider_item\",\"props\":{\"content\":\"\n\n<p>\\\"El curso ofrece la posibilidad de ampliar tu red, as\\u00ed como la oportunidad de pensar o repensar tu propia carrera.\\u201c<\\\/p>\",\"image\":\"wp-content\\\/uploads\\\/2025\\\/02\\\/Captura-de-Tela-2025-02-08-as-16.46.37.png\",\"meta\":\"Periodista y Productora Cultural\",\"title\":\"Fl\\u00e1via Souza Lima\"}},{\"type\":\"panel-slider_item\",\"props\":{\"content\":\"\n\n<p>\\\"Es muy importante contar con gente negra de las periferias de la industria musical... No s\\u00f3lo en el escenario sino en muchos otros \\u00e1mbitos...\\u201c<\\\/p>\",\"image\":\"wp-content\\\/uploads\\\/2025\\\/02\\\/Captura-de-Tela-2025-02-08-as-16.31.28.png\",\"meta\":\"Cantante de rap\",\"title\":\"NYL MC\"}}]}]}]}],\"modified\":\"2021-01-06T11:46:05.180Z\",\"name\":\"Quotes\"},{\"type\":\"section\",\"props\":{\"image_position\":\"center-center\",\"style\":\"muted\",\"title_breakpoint\":\"xl\",\"title_position\":\"top-left\",\"title_rotation\":\"left\",\"vertical_align\":\"middle\",\"width\":\"default\"},\"children\":[{\"type\":\"row\",\"children\":[{\"type\":\"column\",\"props\":{\"image_position\":\"center-center\",\"position_sticky_breakpoint\":\"m\"},\"children\":[{\"type\":\"headline\",\"props\":{\"content\":\"Profesores\",\"margin\":\"large\",\"text_align\":\"center\",\"title_element\":\"h1\",\"title_style\":\"h2\"}},{\"type\":\"grid\",\"props\":{\"content_column_breakpoint\":\"m\",\"css\":\"\\n\",\"filter_align\":\"left\",\"filter_all\":true,\"filter_grid_breakpoint\":\"m\",\"filter_grid_width\":\"auto\",\"filter_position\":\"top\",\"filter_style\":\"tab\",\"grid_default\":\"1\",\"grid_medium\":\"3\",\"grid_small\":\"2\",\"icon_width\":80,\"image_align\":\"left\",\"image_border\":\"circle\",\"image_grid_breakpoint\":\"\",\"image_grid_column_gap\":\"collapse\",\"image_grid_row_gap\":\"collapse\",\"image_grid_width\":\"2-5\",\"image_height\":\"1000\",\"image_link\":true,\"image_loading\":false,\"image_svg_color\":\"emphasis\",\"image_transition\":\"scale-down\",\"image_transition_border\":false,\"image_vertical_align\":true,\"image_width\":\"1000\",\"item_animation\":true,\"link_style\":\"default\",\"link_text\":\"\",\"margin\":\"default\",\"meta_align\":\"below-title\",\"meta_element\":\"div\",\"meta_margin\":\"remove\",\"meta_style\":\"text-meta\",\"panel_image_no_padding\":true,\"panel_link\":true,\"panel_padding\":\"small\",\"panel_style\":\"card-secondary\",\"show_content\":true,\"show_image\":true,\"show_link\":true,\"show_meta\":true,\"show_title\":true,\"text_align\":\"left\",\"title_align\":\"top\",\"title_element\":\"h3\",\"title_grid_breakpoint\":\"m\",\"title_grid_width\":\"1-2\",\"title_hover_style\":\"reset\"},\"children\":[{\"type\":\"grid_item\",\"source\":{\"query\":{\"name\":\"professors.customProfessors\",\"arguments\":{\"offset\":0,\"limit\":12,\"order\":\"name\",\"order_direction\":\"ASC\"}},\"props\":{\"title\":{\"filters\":{\"search\":\"\"},\"name\":\"name\"},\"meta\":{\"filters\":{\"search\":\"\"},\"name\":\"field.competencias\"},\"image\":{\"filters\":{\"search\":\"\"},\"name\":\"field.foto.url\"},\"image_alt\":{\"filters\":{\"search\":\"\"},\"name\":\"field.foto.alt\"},\"link\":{\"filters\":{\"search\":\"\"},\"name\":\"link\"}}}}]},{\"type\":\"text\",\"props\":{\"column_breakpoint\":\"m\",\"content\":\"<button onclick=\\\"showHtmlDiv()\\\" class=\\\"el-content uk-button uk-button-secondary uk-button-large uk-flex-inline uk-flex-center uk-flex-middle\\\"><span uk-icon=\\\"users\\\"><\\\/span>&nbsp; Ver Todo<\\\/button>\",\"margin\":\"default\",\"text_align\":\"center\"}},{\"type\":\"grid\",\"props\":{\"content_column_breakpoint\":\"m\",\"css\":\"\\n.el-element {\\n    display: none;\\n}\",\"filter_align\":\"left\",\"filter_all\":true,\"filter_grid_breakpoint\":\"m\",\"filter_grid_width\":\"auto\",\"filter_position\":\"top\",\"filter_style\":\"tab\",\"grid_default\":\"1\",\"grid_medium\":\"3\",\"grid_small\":\"2\",\"icon_width\":80,\"id\":\"html-show\",\"image_align\":\"left\",\"image_border\":\"circle\",\"image_grid_breakpoint\":\"\",\"image_grid_column_gap\":\"collapse\",\"image_grid_row_gap\":\"collapse\",\"image_grid_width\":\"2-5\",\"image_height\":\"1000\",\"image_link\":true,\"image_loading\":false,\"image_svg_color\":\"emphasis\",\"image_transition\":\"scale-down\",\"image_transition_border\":false,\"image_vertical_align\":true,\"image_width\":\"1000\",\"item_animation\":true,\"link_style\":\"default\",\"link_text\":\"\",\"margin\":\"default\",\"meta_align\":\"below-title\",\"meta_element\":\"div\",\"meta_margin\":\"remove\",\"meta_style\":\"text-meta\",\"panel_image_no_padding\":true,\"panel_link\":true,\"panel_padding\":\"small\",\"panel_style\":\"card-secondary\",\"show_content\":true,\"show_image\":true,\"show_link\":true,\"show_meta\":true,\"show_title\":true,\"text_align\":\"left\",\"title_align\":\"top\",\"title_element\":\"h3\",\"title_grid_breakpoint\":\"m\",\"title_grid_width\":\"1-2\",\"title_hover_style\":\"reset\"},\"children\":[{\"type\":\"grid_item\",\"source\":{\"query\":{\"name\":\"professors.customProfessors\",\"arguments\":{\"offset\":12,\"limit\":240,\"order\":\"name\",\"order_direction\":\"ASC\"}},\"props\":{\"title\":{\"filters\":{\"search\":\"\"},\"name\":\"name\"},\"meta\":{\"filters\":{\"search\":\"\"},\"name\":\"field.competencias\"},\"image\":{\"filters\":{\"search\":\"\"},\"name\":\"field.foto.url\"},\"image_alt\":{\"filters\":{\"search\":\"\"},\"name\":\"field.foto.alt\"},\"link\":{\"filters\":{\"search\":\"\"},\"name\":\"link\"}}}}]}]}]}],\"name\":\"Professores Grid\"}],\"version\":\"4.4.17\"} --><\/p>\n","protected":false},"excerpt":{"rendered":"<p>Qui\u00e9nes Somos \u00a1La m\u00fasica es nuestra causa! Profesionalice el trabajo de mercado y de crianza: \u00a1nuestra misi\u00f3n! M\u00fasica y Negocios Despu\u00e9s de a\u00f1os de experiencia en el auditorio y el estudio, es hora de llevar este contenido a todo Brasil. Elegido en 2019 El mejor programa de educaci\u00f3n para negocios musicales en Brasil en el [&hellip;]<\/p>\n","protected":false},"author":1,"featured_media":0,"parent":0,"menu_order":9,"comment_status":"open","ping_status":"closed","template":"","meta":{"_acf_changed":false,"_eb_attr":"","footnotes":""},"class_list":["post-2745","page","type-page","status-publish","hentry"],"acf":[],"_links":{"self":[{"href":"https:\/\/musicaenegocios.com\/es\/wp-json\/wp\/v2\/pages\/2745","targetHints":{"allow":["GET"]}}],"collection":[{"href":"https:\/\/musicaenegocios.com\/es\/wp-json\/wp\/v2\/pages"}],"about":[{"href":"https:\/\/musicaenegocios.com\/es\/wp-json\/wp\/v2\/types\/page"}],"author":[{"embeddable":true,"href":"https:\/\/musicaenegocios.com\/es\/wp-json\/wp\/v2\/users\/1"}],"replies":[{"embeddable":true,"href":"https:\/\/musicaenegocios.com\/es\/wp-json\/wp\/v2\/comments?post=2745"}],"version-history":[{"count":24,"href":"https:\/\/musicaenegocios.com\/es\/wp-json\/wp\/v2\/pages\/2745\/revisions"}],"predecessor-version":[{"id":3622,"href":"https:\/\/musicaenegocios.com\/es\/wp-json\/wp\/v2\/pages\/2745\/revisions\/3622"}],"wp:attachment":[{"href":"https:\/\/musicaenegocios.com\/es\/wp-json\/wp\/v2\/media?parent=2745"}],"curies":[{"name":"wp","href":"https:\/\/api.w.org\/{rel}","templated":true}]}}