{"id":3329,"date":"2025-01-31T14:30:35","date_gmt":"2025-01-31T14:30:35","guid":{"rendered":"https:\/\/musicaenegocios.com\/eventos\/"},"modified":"2025-02-13T21:40:05","modified_gmt":"2025-02-13T21:40:05","slug":"eventos","status":"publish","type":"page","link":"https:\/\/musicaenegocios.com\/es\/eventos\/","title":{"rendered":"Eventos"},"content":{"rendered":"<h1>Eventos<\/h1>\n<div>\u00a1Descubre los incre\u00edbles eventos promovidos por M\u00fasica &#038; Neg\u00f3cios! Nuestra escuela organiza una variedad de eventos que incluyen conciertos, talleres, conferencias y m\u00e1s.<\/div>\n<div>\n<div class=\"wpgb-facet wpgb-loading wpgb-facet-2 wpgb-style-1\" data-facet=\"2\" data-grid=\"5\">\t<fieldset>\n\t\t<legend class=\"wpgb-facet-title wpgb-sr-only\">Procurar<\/legend>\n\t\t<div class=\"wpgb-search-facet\"><label>\n\t\t\t\t<span class=\"wpgb-sr-only\">Search content<\/span>\n\t\t\t\t<input class=\"wpgb-input\" type=\"search\" name=\"search_test\" placeholder=\"Procurar\" value=\"\" autocomplete=\"off\">\n\t\t\t\t<svg class=\"wpgb-input-icon\" viewBox=\"0 0 24 24\" height=\"16\" width=\"16\" aria-hidden=\"true\" focusable=\"false\"><path d=\"M17.5 17.5 23 23Zm-16-7a9 9 0 1 1 9 9 9 9 0 0 1-9-9Z\"\/><\/svg>\n\t\t\t<\/label><button type=\"button\" class=\"wpgb-clear-button\" hidden><span class=\"wpgb-sr-only\">Clear<\/span><svg viewBox=\"0 0 24 24\" height=\"24\" width=\"24\" aria-hidden=\"true\" focusable=\"false\"><path d=\"m12 12-4.25 4.75L12.001 12 7.75 7.25 12.001 12l4.249-4.75L12 12l4.25 4.75Z\"\/><\/svg><\/button><\/div>\t<\/fieldset>\n\t<\/div><\/div>\n<div>\n<div class=\"wpgb-facet wpgb-loading wpgb-facet-13 wpgb-style-1\" data-facet=\"13\" data-grid=\"5\">\t<fieldset>\n\t\t<legend class=\"wpgb-facet-title wpgb-sr-only\">Banco de Talentos - Estado<\/legend>\n\t\t<div class=\"wpgb-select-facet\"><label><span class=\"wpgb-sr-only\">Select content<\/span><select class=\"wpgb-select wpgb-combobox\" name=\"banco_de_talentos_estado\"><option value=\"\">Estado<\/option><option value=\"midia\">M\u00eddia&nbsp;(1)<\/option><option value=\"rj\">Rio de Janeiro&nbsp;(1)<\/option><option value=\"rs\">Rio Grande do Sul&nbsp;(1)<\/option><option value=\"sp\">S\u00e3o Paulo&nbsp;(1)<\/option><\/select><span class=\"wpgb-select-controls\"><span class=\"wpgb-select-separator\"><\/span><svg class=\"wpgb-select-toggle\" viewBox=\"0 0 24 24\" height=\"24\" width=\"24\" aria-hidden=\"true\" focusable=\"false\"><path d=\"m12 14.536-.045.043.045-.043-5.3-5.114 5.3 5.114 5.3-5.114-5.3 5.114.045.043Z\"\/><\/svg><\/span><\/label><\/div>\t<\/fieldset>\n\t<\/div><\/div>\n<div>\n<div class=\"wpgb-facet wpgb-loading wpgb-facet-14 wpgb-style-1\" data-facet=\"14\" data-grid=\"5\">\t<fieldset>\n\t\t<legend class=\"wpgb-facet-title wpgb-sr-only\">Banco de Talentos - Cidade<\/legend>\n\t\t<div class=\"wpgb-select-facet\"><label><span class=\"wpgb-sr-only\">Select content<\/span><select class=\"wpgb-select wpgb-combobox\" name=\"banco_de_talentos_estado_2\"><option value=\"\">Cidade<\/option><option value=\"online\" disabled='disabled'>Online&nbsp;(1)<\/option><option value=\"porto-alegre\" disabled='disabled'>Porto Alegre&nbsp;(1)<\/option><option value=\"rio-de-janeiro\" disabled='disabled'>Rio de Janeiro&nbsp;(1)<\/option><option value=\"sao-paulo\" disabled='disabled'>S\u00e3o Paulo&nbsp;(1)<\/option><option value=\"televisao\" disabled='disabled'>Televis\u00e3o&nbsp;(1)<\/option><\/select><span class=\"wpgb-select-controls\"><span class=\"wpgb-select-separator\"><\/span><svg class=\"wpgb-select-toggle\" viewBox=\"0 0 24 24\" height=\"24\" width=\"24\" aria-hidden=\"true\" focusable=\"false\"><path d=\"m12 14.536-.045.043.045-.043-5.3-5.114 5.3 5.114 5.3-5.114-5.3 5.114.045.043Z\"\/><\/svg><\/span><\/label><\/div>\t<\/fieldset>\n\t<\/div><\/div>\n<div>\n<div class=\"wpgb-facet wpgb-loading wpgb-facet-22 wpgb-style-1\" data-facet=\"22\" data-grid=\"5\">\t<fieldset>\n\t\t<legend class=\"wpgb-facet-title wpgb-sr-only\">Eventos - Datas<\/legend>\n\t\t<div class=\"wpgb-date-facet\">\n\t\t\t\t<label>\n\t\t\t\t\t<span class=\"wpgb-sr-only\">Date<\/span>\n\t\t\t\t\t<input class=\"wpgb-input\" type=\"text\" name=\"eventos_datas\" placeholder=\"Selecionar data\">\n\t\t\t\t\t<svg class=\"wpgb-input-icon\" viewBox=\"0 0 24 24\" height=\"16\" width=\"16\" aria-hidden=\"true\" focusable=\"false\"><path d=\"M4.25 3.205h15.5a3 3 0 013 3V19.75a3 3 0 01-3 3H4.25a3 3 0 01-3-3V6.205a3 3 0 013-3zM22.262 9.557H1.739 M7.114 5.65v-4.4M16.886 5.65v-4.4\" stroke-linecap=\"round\"\/><\/svg>\n\t\t\t\t<\/label>\n\t\t\t\t<button type=\"button\" class=\"wpgb-clear-button\" hidden><span class=\"wpgb-sr-only\">Clear<\/span><svg viewBox=\"0 0 24 24\" height=\"24\" width=\"24\" aria-hidden=\"true\" focusable=\"false\"><path d=\"m12 12-4.25 4.75L12.001 12 7.75 7.25 12.001 12l4.249-4.75L12 12l4.25 4.75Z\"\/><\/svg><\/button>\n\t\t\t<\/div>\t<\/fieldset>\n\t<\/div><\/div>\n<div>\n<div style=\"float: left;margin: -12px 0px 0px 0px;width: 100%;\">\n    <div class=\"wpgb-facet wpgb-loading wpgb-facet-18 wpgb-style-1\" data-facet=\"18\" data-grid=\"5\"><button type=\"button\" class=\"wpgb-button wpgb-reset\" name=\"limpar_filtros\">Limpar Filtros<\/button><\/div>\n<\/div>\n<\/div>\n<div>\n<!-- Gridbuilder \u1d42\u1d3e Plugin (https:\/\/wpgridbuilder.com) -->\n<div class=\"wp-grid-builder wpgb-grid-5\" data-options=\"{&quot;id&quot;:5,&quot;type&quot;:&quot;masonry&quot;,&quot;source&quot;:&quot;post_type&quot;,&quot;loader&quot;:true,&quot;layout&quot;:&quot;vertical&quot;,&quot;reveal&quot;:1,&quot;isMainQuery&quot;:0,&quot;lazyLoad&quot;:true,&quot;cardSizes&quot;:{&quot;992&quot;:{&quot;columns&quot;:3,&quot;height&quot;:220,&quot;gutter&quot;:30,&quot;ratio&quot;:&quot;1.33333&quot;},&quot;768&quot;:{&quot;columns&quot;:2,&quot;height&quot;:220,&quot;gutter&quot;:20,&quot;ratio&quot;:&quot;1.33333&quot;},&quot;576&quot;:{&quot;columns&quot;:1,&quot;height&quot;:200,&quot;gutter&quot;:20,&quot;ratio&quot;:&quot;1.33333&quot;},&quot;320&quot;:{&quot;columns&quot;:1,&quot;height&quot;:200,&quot;gutter&quot;:20,&quot;ratio&quot;:&quot;1.33333&quot;}},&quot;fitRows&quot;:false,&quot;equalRows&quot;:0,&quot;equalColumns&quot;:false,&quot;fillLastRow&quot;:0,&quot;centerLastRow&quot;:0,&quot;horizontalOrder&quot;:false,&quot;fullWidth&quot;:false,&quot;transitionDelay&quot;:60,&quot;gallerySlideshow&quot;:false,&quot;rowsNumber&quot;:1,&quot;slideAlign&quot;:&quot;left&quot;,&quot;groupCells&quot;:1,&quot;draggable&quot;:true,&quot;initialIndex&quot;:0,&quot;contain&quot;:false,&quot;freeScroll&quot;:false,&quot;freeFriction&quot;:&quot;0.075&quot;,&quot;friction&quot;:&quot;0.285&quot;,&quot;attraction&quot;:&quot;0.025&quot;,&quot;autoPlay&quot;:0,&quot;pageDotAriaLabel&quot;:&quot;Page dot %d&quot;,&quot;isPreview&quot;:false,&quot;isGutenberg&quot;:false,&quot;rightToLeft&quot;:false}\"><div class=\"wpgb-svg-icons\" hidden>\n\t<svg viewBox=\"0 0 120 24\" width=\"0\" height=\"0\">\n\t<defs>\n        <polygon id=\"wpgb-star-svg\" points=\"12 2.5 15.1 8.8 22 9.8 17 14.6 18.2 21.5 12 18.3 5.8 21.5 7 14.6 2 9.8 8.9 8.8\"><\/polygon>\n    <\/defs>\n    <symbol id=\"wpgb-rating-stars-svg\">\n        <use xlink:href=\"#wpgb-star-svg\"><\/use>\n        <use xlink:href=\"#wpgb-star-svg\" x=\"24\"><\/use>\n        <use xlink:href=\"#wpgb-star-svg\" x=\"48\"><\/use>\n        <use xlink:href=\"#wpgb-star-svg\" x=\"72\"><\/use>\n        <use xlink:href=\"#wpgb-star-svg\" x=\"96\"><\/use>\n    <\/symbol>\n<\/svg>\n<\/div>\n<div class=\"wpgb-wrapper\">\n\t<div class=\"wpgb-main\">\n\t<div class=\"wpgb-layout\">\n\t<div class=\"wpgb-viewport\">\n\t\t<div class=\"wpgb-masonry\">\n\t\t\t<article class=\"wpgb-card wpgb-card-23 wpgb-post-3107 wpgb-card-hidden\" data-col=\"1\" data-row=\"1\" data-format=\"standard\"><div class=\"wpgb-card-wrapper\"><div class=\"wpgb-card-inner uk-card uk-card-default uk-card-hover uk-flex-stretch uk-link-toggle\"><div class=\"wpgb-card-media wpgb-card-media-button wpgb-scheme-light\"><svg data-ratio style=\"padding-top:66.67%\" viewBox=\"0 0 768 512\"><\/svg><div class=\"wpgb-card-media-thumbnail\"><a href=\"https:\/\/musicaenegocios.com\/wp-content\/uploads\/2025\/01\/7W8A1772-768x512-1.jpg\" tabindex=\"-1\" class=\"wpgb-handle-lb wpgb-lightbox\" data-type=\"image\" data-rel=\"5\" data-title=\"7W8A1772-768&#215;512\" title=\"Enlarge photo\"><div class=\"wpgb-lazy-load wpgb-lazy-spinner\" data-wpgb-thumb=\"\" data-wpgb-src=\"https:\/\/musicaenegocios.com\/wp-content\/uploads\/2025\/01\/7W8A1772-768x512-1.jpg\"><\/div><noscript><img loading=\"lazy\" decoding=\"async\" class=\"wpgb-noscript-img\" src=\"https:\/\/musicaenegocios.com\/wp-content\/uploads\/2025\/01\/7W8A1772-768x512-1.jpg\" alt=\"\" height=\"512\" width=\"768\"><\/noscript><\/a><\/div><div class=\"wpgb-card-media-content\" data-action><div class=\"wpgb-card-media-content-top\"><div class=\"wpgb-block-7\"><div class=\"wpgb-block-8\"><div class=\"wpgb-block-4\">18\/09\/2025 <\/div><div class=\"wpgb-block-9\">&nbsp; - &nbsp;21\/11\/2025<\/div><\/div><\/div><\/div><div class=\"wpgb-card-media-content-center\"><a class=\"wpgb-block-6\" href=\"https:\/\/musicaenegocios.com\/es\/evento\/conecta-musica-mercado\/\"> <\/a><\/div><a class=\"wpgb-card-layer-link\" href=\"https:\/\/musicaenegocios.com\/es\/evento\/conecta-musica-mercado\/\"><\/a><\/div><\/div><div class=\"wpgb-card-content wpgb-scheme-dark\"><div class=\"wpgb-card-body\"><span class=\"wpgb-block-1\"><a class=\"wpgb-block-term\" href=\"https:\/\/musicaenegocios.com\/localizacao\/sao-paulo\/\" rel=\"category\" data-id=\"655\">S\u00e3o Paulo<\/a><\/span><h3 class=\"wpgb-block-2\"><a target=\"_self\" href=\"https:\/\/musicaenegocios.com\/es\/evento\/conecta-musica-mercado\/\">Conecta+ M\u00fasica &amp; Mercado<\/a><\/h3><p class=\"wpgb-block-3\">Do est\u00fadio ao palco: a Conecta+ \u00e9 o hub em que voc\u00ea encontra profissionais e empresas dos mais variados produtos e servi\u00e7os envolvidos no neg\u00f3cio<\/p><a class=\"wpgb-block-5\" href=\"https:\/\/musicaenegocios.com\/es\/evento\/conecta-musica-mercado\/\"><div class=\"el-link uk-button uk-button-text\" style=\"width: 110px;text-align: left\">Ver Evento<\/div><\/a><\/div><\/div><\/div><\/div><\/article><article class=\"wpgb-card wpgb-card-23 wpgb-post-3093 wpgb-card-hidden\" data-col=\"1\" data-row=\"1\" data-format=\"standard\"><div class=\"wpgb-card-wrapper\"><div class=\"wpgb-card-inner uk-card uk-card-default uk-card-hover uk-flex-stretch uk-link-toggle\"><div class=\"wpgb-card-media wpgb-card-media-button wpgb-scheme-light\"><svg data-ratio style=\"padding-top:100%\" viewBox=\"0 0 768 768\"><\/svg><div class=\"wpgb-card-media-thumbnail\"><a href=\"https:\/\/musicaenegocios.com\/wp-content\/uploads\/2025\/01\/sounds-talk-1.png\" tabindex=\"-1\" class=\"wpgb-handle-lb wpgb-lightbox\" data-type=\"image\" data-rel=\"5\" data-title=\"sounds-talk-1\" title=\"Enlarge photo\"><div class=\"wpgb-lazy-load wpgb-lazy-spinner\" data-wpgb-thumb=\"\" data-wpgb-src=\"https:\/\/musicaenegocios.com\/wp-content\/uploads\/2025\/01\/sounds-talk-1-768x768.png\"><\/div><noscript><img loading=\"lazy\" decoding=\"async\" class=\"wpgb-noscript-img\" src=\"https:\/\/musicaenegocios.com\/wp-content\/uploads\/2025\/01\/sounds-talk-1-768x768.png\" alt=\"\" height=\"768\" width=\"768\"><\/noscript><\/a><\/div><div class=\"wpgb-card-media-content\" data-action><div class=\"wpgb-card-media-content-top\"><div class=\"wpgb-block-7\"><div class=\"wpgb-block-8\"><div class=\"wpgb-block-4\">30\/03\/2025 <\/div><div class=\"wpgb-block-9\">&nbsp; - &nbsp;04\/05\/2025<\/div><\/div><\/div><\/div><div class=\"wpgb-card-media-content-center\"><a class=\"wpgb-block-6\" href=\"https:\/\/musicaenegocios.com\/es\/evento\/festival-sounds-talks\/\"> <\/a><\/div><a class=\"wpgb-card-layer-link\" href=\"https:\/\/musicaenegocios.com\/es\/evento\/festival-sounds-talks\/\"><\/a><\/div><\/div><div class=\"wpgb-card-content wpgb-scheme-dark\"><div class=\"wpgb-card-body\"><span class=\"wpgb-block-1\"><a class=\"wpgb-block-term\" href=\"https:\/\/musicaenegocios.com\/localizacao\/rio-de-janeiro\/\" rel=\"category\" data-id=\"654\">Rio de Janeiro<\/a><\/span><h3 class=\"wpgb-block-2\"><a target=\"_self\" href=\"https:\/\/musicaenegocios.com\/es\/evento\/festival-sounds-talks\/\">Festival Sounds &amp; Talks<\/a><\/h3><p class=\"wpgb-block-3\">Governo do Estado do Rio de Janeiro, Secretaria de Estado de Cultura e Economia Criativa do Rio de Janeiro, atrav\u00e9s da Lei Estadual de Incentivo<\/p><a class=\"wpgb-block-5\" href=\"https:\/\/musicaenegocios.com\/es\/evento\/festival-sounds-talks\/\"><div class=\"el-link uk-button uk-button-text\" style=\"width: 110px;text-align: left\">Ver Evento<\/div><\/a><\/div><\/div><\/div><\/div><\/article><article class=\"wpgb-card wpgb-card-23 wpgb-post-3114 wpgb-card-hidden\" data-col=\"1\" data-row=\"1\" data-format=\"standard\"><div class=\"wpgb-card-wrapper\"><div class=\"wpgb-card-inner uk-card uk-card-default uk-card-hover uk-flex-stretch uk-link-toggle\"><div class=\"wpgb-card-media wpgb-card-media-button wpgb-scheme-light\"><svg data-ratio style=\"padding-top:115.23%\" viewBox=\"0 0 768 885\"><\/svg><div class=\"wpgb-card-media-thumbnail\"><a href=\"https:\/\/musicaenegocios.com\/wp-content\/uploads\/2025\/01\/475164090_929379142509772_1276644635251838475_n.jpg\" tabindex=\"-1\" class=\"wpgb-handle-lb wpgb-lightbox\" data-type=\"image\" data-rel=\"5\" data-title=\"475164090_929379142509772_1276644635251838475_n\" title=\"Enlarge photo\"><div class=\"wpgb-lazy-load wpgb-lazy-spinner\" data-wpgb-thumb=\"\" data-wpgb-src=\"https:\/\/musicaenegocios.com\/wp-content\/uploads\/2025\/01\/475164090_929379142509772_1276644635251838475_n-768x885.jpg\"><\/div><noscript><img loading=\"lazy\" decoding=\"async\" class=\"wpgb-noscript-img\" src=\"https:\/\/musicaenegocios.com\/wp-content\/uploads\/2025\/01\/475164090_929379142509772_1276644635251838475_n-768x885.jpg\" alt=\"\" height=\"885\" width=\"768\"><\/noscript><\/a><\/div><div class=\"wpgb-card-media-content\" data-action><div class=\"wpgb-card-media-content-top\"><div class=\"wpgb-block-7\"><div class=\"wpgb-block-8\"><div class=\"wpgb-block-4\">02\/06\/2024 <\/div><\/div><\/div><\/div><div class=\"wpgb-card-media-content-center\"><a class=\"wpgb-block-6\" href=\"https:\/\/musicaenegocios.com\/es\/evento\/sol-la-pro-sul\/\"> <\/a><\/div><a class=\"wpgb-card-layer-link\" href=\"https:\/\/musicaenegocios.com\/es\/evento\/sol-la-pro-sul\/\"><\/a><\/div><\/div><div class=\"wpgb-card-content wpgb-scheme-dark\"><div class=\"wpgb-card-body\"><span class=\"wpgb-block-1\"><a class=\"wpgb-block-term\" href=\"https:\/\/musicaenegocios.com\/es\/localizacao\/online\/\" rel=\"category\" data-id=\"715\">Online<\/a><span>&nbsp;&nbsp; | &nbsp;&nbsp;<\/span><a class=\"wpgb-block-term\" href=\"https:\/\/musicaenegocios.com\/localizacao\/porto-alegre\/\" rel=\"category\" data-id=\"653\">Porto Alegre<\/a><span>&nbsp;&nbsp; | &nbsp;&nbsp;<\/span><a class=\"wpgb-block-term\" href=\"https:\/\/musicaenegocios.com\/es\/localizacao\/televisao\/\" rel=\"category\" data-id=\"716\">Televis\u00e3o<\/a><\/span><h3 class=\"wpgb-block-2\"><a target=\"_self\" href=\"https:\/\/musicaenegocios.com\/es\/evento\/sol-la-pro-sul\/\">Sol l\u00e1 pro Sul<\/a><\/h3><p class=\"wpgb-block-3\">Em resposta \u00e0s recentes enchentes que devastaram o estado do Rio Grande do Sul, um grupo de artistas, produtores e volunt\u00e1rios se uniu para realizar<\/p><a class=\"wpgb-block-5\" href=\"https:\/\/musicaenegocios.com\/es\/evento\/sol-la-pro-sul\/\"><div class=\"el-link uk-button uk-button-text\" style=\"width: 110px;text-align: left\">Ver Evento<\/div><\/a><\/div><\/div><\/div><\/div><\/article>\t\t<\/div>\n\t<\/div>\n\t<div class=\"wpgb-loader\">\n\t<div class=\"wpgb-loader-18\">\n\t\t<div><\/div><div><\/div><div><\/div><div><\/div>\t<\/div>\n<\/div>\n<\/div>\n\t<\/div>\n\t\t<\/div>\n<\/div>\n<\/div>\n<p><!--more--><br \/>\n<!-- {\"type\":\"layout\",\"children\":[{\"type\":\"section\",\"props\":{\"animation\":\"slide-bottom-medium\",\"animation_delay\":\"100\",\"header_transparent\":true,\"header_transparent_noplaceholder\":false,\"header_transparent_text_color\":\"light\",\"image\":\"wp-content\\\/uploads\\\/2025\\\/01\\\/banco.jpg\",\"image_position\":\"center-center\",\"overlap\":true,\"padding\":\"large\",\"padding_remove_bottom\":false,\"style\":\"secondary\",\"title_breakpoint\":\"xl\",\"title_position\":\"top-left\",\"title_rotation\":\"left\",\"vertical_align\":\"\",\"width\":\"default\"},\"children\":[{\"type\":\"row\",\"children\":[{\"type\":\"column\",\"props\":{\"image_position\":\"center-center\",\"position_sticky_breakpoint\":\"m\"},\"children\":[{\"type\":\"headline\",\"props\":{\"content\":\"Eventos\",\"margin\":\"remove-vertical\",\"text_align\":\"center\",\"title_element\":\"h1\",\"title_style\":\"heading-small\"}},{\"type\":\"text\",\"props\":{\"block_align\":\"center\",\"column_breakpoint\":\"m\",\"content\":\"\\u00a1Descubre los incre\\u00edbles eventos promovidos por M\\u00fasica & Neg\\u00f3cios! Nuestra escuela organiza una variedad de eventos que incluyen conciertos, talleres, conferencias y m\\u00e1s.\",\"margin\":\"default\",\"maxwidth\":\"xlarge\",\"text_align\":\"center\",\"text_style\":\"lead\"}}]}],\"props\":{\"margin\":\"large\"}}],\"name\":\"Hero\"},{\"type\":\"section\",\"props\":{\"image_position\":\"center-center\",\"padding_remove_bottom\":true,\"padding_remove_horizontal\":false,\"style\":\"default\",\"title_breakpoint\":\"xl\",\"title_position\":\"top-left\",\"title_rotation\":\"left\",\"vertical_align\":\"middle\",\"width\":\"xsmall\"},\"children\":[{\"type\":\"row\",\"children\":[{\"type\":\"column\",\"props\":{\"image_position\":\"center-center\",\"position_sticky_breakpoint\":\"m\"},\"children\":[{\"type\":\"html\",\"props\":{\"content\":\"[wpgb_facet id=\\\"2\\\" grid=\\\"5\\\"]\"}}]}],\"props\":{\"column_gap\":\"small\",\"css\":\".el-row {\\n    height: 30px\\n}\"}},{\"type\":\"row\",\"props\":{\"column_gap\":\"small\",\"layout\":\"1-2,1-2\"},\"children\":[{\"type\":\"column\",\"props\":{\"image_position\":\"center-center\",\"position_sticky_breakpoint\":\"m\",\"width_medium\":\"1-2\"},\"children\":[{\"type\":\"html\",\"props\":{\"content\":\"[wpgb_facet id=\\\"13\\\" grid=\\\"5\\\"]\",\"css\":\".el-row {\\n    height: 30px\\n}\"}}]},{\"type\":\"column\",\"props\":{\"image_position\":\"center-center\",\"position_sticky_breakpoint\":\"m\",\"width_medium\":\"1-2\"},\"children\":[{\"type\":\"html\",\"props\":{\"content\":\"[wpgb_facet id=\\\"14\\\" grid=\\\"5\\\"]\",\"css\":\".el-row {\\n    height: 30px\\n}\"}}]}]},{\"type\":\"row\",\"props\":{\"column_gap\":\"small\",\"layout\":\"large,expand\"},\"children\":[{\"type\":\"column\",\"props\":{\"image_position\":\"center-center\",\"position_sticky_breakpoint\":\"m\",\"width_medium\":\"large\"},\"children\":[{\"type\":\"html\",\"props\":{\"content\":\"[wpgb_facet id=\\\"22\\\" grid=\\\"5\\\"]\"}}]},{\"type\":\"column\",\"props\":{\"image_position\":\"center-center\",\"position_sticky_breakpoint\":\"m\",\"width_medium\":\"small\"},\"children\":[{\"type\":\"html\",\"props\":{\"content\":\"\\n\n\n<div style=\\\"float: left;margin: -12px 0px 0px 0px;width: 100%;\\\">\\n    [wpgb_facet id=\\\"18\\\" grid=\\\"5\\\"]\\n<\\\/div>\\n\\n\",\"css\":\" .el-element .wpgb-radio-label {\\n     display: none;\\n}\\n\\n.el-element {\\n    margin: 10px 0px 10px 0px;\\n}\"}}]}]}],\"name\":\"Filtros\"},{\"type\":\"section\",\"props\":{\"image_position\":\"center-center\",\"style\":\"default\",\"title_breakpoint\":\"xl\",\"title_position\":\"top-left\",\"title_rotation\":\"left\",\"vertical_align\":\"middle\",\"width\":\"default\"},\"children\":[{\"type\":\"row\",\"children\":[{\"type\":\"column\",\"props\":{\"image_position\":\"center-center\",\"position_sticky_breakpoint\":\"m\"},\"children\":[{\"type\":\"html\",\"props\":{\"content\":\"[wpgb_grid id=\\\"5\\\"]\"}}]}]}]}],\"version\":\"4.4.17\"} --><\/p>\n","protected":false},"excerpt":{"rendered":"<p>Eventos \u00a1Descubre los incre\u00edbles eventos promovidos por M\u00fasica &#038; Neg\u00f3cios! Nuestra escuela organiza una variedad de eventos que incluyen conciertos, talleres, conferencias y m\u00e1s.<\/p>\n","protected":false},"author":1,"featured_media":0,"parent":0,"menu_order":0,"comment_status":"closed","ping_status":"closed","template":"","meta":{"_acf_changed":false,"_eb_attr":"","footnotes":""},"class_list":["post-3329","page","type-page","status-publish","hentry"],"acf":[],"_links":{"self":[{"href":"https:\/\/musicaenegocios.com\/es\/wp-json\/wp\/v2\/pages\/3329","targetHints":{"allow":["GET"]}}],"collection":[{"href":"https:\/\/musicaenegocios.com\/es\/wp-json\/wp\/v2\/pages"}],"about":[{"href":"https:\/\/musicaenegocios.com\/es\/wp-json\/wp\/v2\/types\/page"}],"author":[{"embeddable":true,"href":"https:\/\/musicaenegocios.com\/es\/wp-json\/wp\/v2\/users\/1"}],"replies":[{"embeddable":true,"href":"https:\/\/musicaenegocios.com\/es\/wp-json\/wp\/v2\/comments?post=3329"}],"version-history":[{"count":1,"href":"https:\/\/musicaenegocios.com\/es\/wp-json\/wp\/v2\/pages\/3329\/revisions"}],"predecessor-version":[{"id":3331,"href":"https:\/\/musicaenegocios.com\/es\/wp-json\/wp\/v2\/pages\/3329\/revisions\/3331"}],"wp:attachment":[{"href":"https:\/\/musicaenegocios.com\/es\/wp-json\/wp\/v2\/media?parent=3329"}],"curies":[{"name":"wp","href":"https:\/\/api.w.org\/{rel}","templated":true}]}}